{"id":2,"date":"2023-12-16T15:56:07","date_gmt":"2023-12-16T14:56:07","guid":{"rendered":"https:\/\/paralosindigenas.org\/dev\/?page_id=2"},"modified":"2024-01-15T11:29:23","modified_gmt":"2024-01-15T10:29:23","slug":"beispiel-seite","status":"publish","type":"page","link":"https:\/\/paralosindigenas.org\/dev\/beispiel-seite\/","title":{"rendered":"\u00fcber uns"},"content":{"rendered":"\n<h1 class=\"wp-block-heading\">Die Stiftung<\/h1>\n\n\n\n<p>Die Para Los Ind\u00edgenas ist eine politisch und religi\u00f6s unabh\u00e4ngige, gemeinn\u00fctzige, schweizerische&nbsp;Stiftung. Alle Stiftungsr\u00e4te&nbsp;engagieren sich unentgeltlich&nbsp;in der Schweiz sowie&nbsp;in Ecuador. Wir&nbsp;erarbeiten die Projekte in enger Zusammenarbeit mit den Gemeinschaften und unseren lokalen&nbsp;Partnern und \u00fcberwachen die Umsetzungen mit j\u00e4hrlichen Kontrollreisen.&nbsp;Die Finanzierung der Projekte geschieht durch Spenden, Zuwendungen und Legate von&nbsp;Privatpersonen. Daneben unterst\u00fctzen uns auch Bund, Kantone und Gemeinden, sowie&nbsp;Stiftungen, Firmen und kirchliche Institutionen verschiedener Konfessionen.&nbsp;<\/p>\n\n\n\n<p>Es ist unser Bestreben, den Anteil der Kosten f\u00fcr Administration, Kommunikation und Verwaltung&nbsp;sehr tief zu halten, um einen optimalen Einsatz der Spenden zu garantieren.<\/p>\n\n\n\n<h2 class=\"wp-block-heading\">Ziele<\/h2>\n\n\n\n<p>Wir orientieren uns an zentralen&nbsp;Zielen f\u00fcr nachhaltige Entwicklung der UNO.&nbsp;Die 17 Ziele sind das Kernst\u00fcck der Agenda 2030. Sie tragen der wirtschaftlichen, sozialen und \u00f6kologischen Dimension der nachhaltigen Entwicklung in ausgewogener Weise Rechnung und f\u00fchren zum ersten Mal Armutsbek\u00e4mpfung und nachhaltige Entwicklung in einer Agenda zusammen.<\/p>\n\n\n\n<p><a href=\"https:\/\/www.eda.admin.ch\/post2015\/de\/home\/agenda-2030\/die-17-ziele-fuer-eine-nachhaltige-entwicklung.html\" target=\"_blank\" rel=\"noreferrer noopener\">Die Ziele der UNO im Detail<\/a><\/p>\n\n\n\n<h2 class=\"wp-block-heading\">Der Stiftungsrat<\/h2>\n\n\n\n<figure class=\"wp-block-image size-full\"><img loading=\"lazy\" decoding=\"async\" width=\"960\" height=\"891\" src=\"https:\/\/paralosindigenas.org\/dev\/wp-content\/uploads\/2024\/01\/sr2024.jpg\" alt=\"\" class=\"wp-image-191\" srcset=\"https:\/\/paralosindigenas.org\/dev\/wp-content\/uploads\/2024\/01\/sr2024.jpg 960w, https:\/\/paralosindigenas.org\/dev\/wp-content\/uploads\/2024\/01\/sr2024-300x278.jpg 300w, https:\/\/paralosindigenas.org\/dev\/wp-content\/uploads\/2024\/01\/sr2024-768x713.jpg 768w\" sizes=\"auto, (max-width: 960px) 100vw, 960px\" \/><\/figure>\n","protected":false},"excerpt":{"rendered":"<p>Die Stiftung Die Para Los Ind\u00edgenas ist eine politisch und religi\u00f6s unabh\u00e4ngige, gemeinn\u00fctzige, schweizerische&nbsp;Stiftung. Alle Stiftungsr\u00e4te&nbsp;engagieren sich unentgeltlich&nbsp;in der Schweiz sowie&nbsp;in Ecuador. Wir&nbsp;erarbeiten die Projekte in enger Zusammenarbeit mit den Gemeinschaften und unseren lokalen&nbsp;Partnern und \u00fcberwachen die Umsetzungen mit j\u00e4hrlichen Kontrollreisen.&nbsp;Die Finanzierung der Projekte geschieht durch Spenden, Zuwendungen und Legate von&nbsp;Privatpersonen. Daneben unterst\u00fctzen uns auch Bund, Kantone und Gemeinden, sowie&nbsp;Stiftungen, Firmen und kirchliche Institutionen verschiedener Konfessionen.&nbsp; Es ist unser Bestreben,<\/p>\n<p><a href=\"https:\/\/paralosindigenas.org\/dev\/beispiel-seite\/\" class=\"more-link\">weiterlesen<span class=\"screen-reader-text\">\u00fcber uns<\/span><\/a><\/p>\n","protected":false},"author":1,"featured_media":0,"parent":0,"menu_order":0,"comment_status":"closed","ping_status":"open","template":"","meta":{"footnotes":""},"class_list":["post-2","page","type-page","status-publish","hentry"],"_links":{"self":[{"href":"https:\/\/paralosindigenas.org\/dev\/wp-json\/wp\/v2\/pages\/2","targetHints":{"allow":["GET"]}}],"collection":[{"href":"https:\/\/paralosindigenas.org\/dev\/wp-json\/wp\/v2\/pages"}],"about":[{"href":"https:\/\/paralosindigenas.org\/dev\/wp-json\/wp\/v2\/types\/page"}],"author":[{"embeddable":true,"href":"https:\/\/paralosindigenas.org\/dev\/wp-json\/wp\/v2\/users\/1"}],"replies":[{"embeddable":true,"href":"https:\/\/paralosindigenas.org\/dev\/wp-json\/wp\/v2\/comments?post=2"}],"version-history":[{"count":7,"href":"https:\/\/paralosindigenas.org\/dev\/wp-json\/wp\/v2\/pages\/2\/revisions"}],"predecessor-version":[{"id":192,"href":"https:\/\/paralosindigenas.org\/dev\/wp-json\/wp\/v2\/pages\/2\/revisions\/192"}],"wp:attachment":[{"href":"https:\/\/paralosindigenas.org\/dev\/wp-json\/wp\/v2\/media?parent=2"}],"curies":[{"name":"wp","href":"https:\/\/api.w.org\/{rel}","templated":true}]}}