{"id":103,"date":"2024-01-02T17:44:00","date_gmt":"2024-01-02T16:44:00","guid":{"rendered":"https:\/\/paralosindigenas.org\/dev\/home\/"},"modified":"2024-01-06T09:34:27","modified_gmt":"2024-01-06T08:34:27","slug":"home","status":"publish","type":"page","link":"https:\/\/paralosindigenas.org\/dev\/","title":{"rendered":"Home"},"content":{"rendered":"<ul class=\"wp-block-latest-posts__list wp-block-latest-posts\"><li><a class=\"wp-block-latest-posts__post-title\" href=\"https:\/\/paralosindigenas.org\/dev\/der-stuhl-neben-dem-holzkochherd\/\">Der Stuhl neben dem Holzkochherd<\/a><div class=\"wp-block-latest-posts__post-excerpt\">Verbesserung der Mahlzeiten und der Hygiene F\u00fcr etwa 800 CHF k\u00f6nnen wir dank ihren grossz\u00fcgigen Spenden einer Familie, welche im kalten Hochland der Anden wohnt, einen Holzkochherd einbauen. Derartige multifunktionale Holzkochherde, welche zugleich auch als Heizung dienen, waren bisher hier nicht im Einsatz. Unser Partner in Ecuador, der FEPP (Fondo Ecuatoriano Populorum Progressio) hat diese Konstruktion entwickelt. Fr\u00fcher wurde von den Frauen eine v\u00f6llig andere Kochtechnik angewendet. Im Wohnraum, der<p><a href=\"https:\/\/paralosindigenas.org\/dev\/der-stuhl-neben-dem-holzkochherd\/\" class=\"more-link\">weiterlesen<span class=\"screen-reader-text\">Der Stuhl neben dem Holzkochherd<\/span><\/a><\/p><\/div><\/li>\n<li><a class=\"wp-block-latest-posts__post-title\" href=\"https:\/\/paralosindigenas.org\/dev\/besuch-der-gemeinschaft-la-lindera-die-im-biolandbauprojekt-mit-kleintierhaltung-in-der-provinz-tungurahua-mitmacht\/\">Besuch der Gemeinschaft \u00abLa Lindera\u00bb, die im Biolandbauprojekt mit Kleintierhaltung in der Provinz Tungurahua mitmacht.<\/a><div class=\"wp-block-latest-posts__post-excerpt\">Hier wartet auf uns eine \u00abFrauengruppe\u00bb (19 Frauen und 1 Mann). Dieser Ort liegt auf rund 3&#8217;000 m.\u00fc.M. Auf einem Rundgang durch einige Parzellen mit verschiedenen Anpflanzungen begegnen wir auch einmal jungen B\u00e4uerinnen, die sehr aufgeschlossen sind und so entstehen sofort interessante Gespr\u00e4che rund um ihre Arbeit, Wohn- und \u00f6konomische Situation. Nach dem Besuch sitzen wir noch zusammen und Don Miguel spricht im Namen der Gruppe zu uns:&nbsp;<\/div><\/li>\n<li><a class=\"wp-block-latest-posts__post-title\" href=\"https:\/\/paralosindigenas.org\/dev\/biolandbau-und-kleintierhaltung-in-andahualo-paccha-2\/\">Biolandbau und Kleintierhaltung in Andahualo Paccha<\/a><div class=\"wp-block-latest-posts__post-excerpt\">Diese Gemeinschaft lebt auf einem Hochplateau (3&#8217;150 m.\u00fc.M) mit guten landwirtschaftlichen Bedingungen. Hier gibt es zwei Gruppen: Eine Gruppe mit 20 Frauen arbeitet im traditionellen Biolandbauprojekt. Sie haben ein ausgekl\u00fcgeltes Bew\u00e4sserungssystem zur Verf\u00fcgung. Hier pflanzen sie auch in gr\u00f6sserem Stil Oca an (Knolliger Sauerklee mit mehr N\u00e4hrstoffen als die Kartoffeln \u2013 aber nur eine Ernte pro Jahr. Inhaltsstoffe pro 100 Gramm: 84 g Wasser, 13 g Kohlenhydrate, 1 g Proteine,<p><a href=\"https:\/\/paralosindigenas.org\/dev\/biolandbau-und-kleintierhaltung-in-andahualo-paccha-2\/\" class=\"more-link\">weiterlesen<span class=\"screen-reader-text\">Biolandbau und Kleintierhaltung in Andahualo Paccha<\/span><\/a><\/p><\/div><\/li>\n<li><a class=\"wp-block-latest-posts__post-title\" href=\"https:\/\/paralosindigenas.org\/dev\/biolandbau-und-kleintierhaltung-in-andahualo-paccha\/\">Biolandbau und Kleintierhaltung in Andahualo Paccha<\/a><div class=\"wp-block-latest-posts__post-excerpt\">Diese Gemeinschaft lebt auf einem Hochplateau (3&#8217;150 m.\u00fc.M) mit guten landwirtschaftlichen Bedingungen. Hier gibt es zwei Gruppen: Eine Gruppe mit 20 Frauen arbeitet im traditionellen Biolandbauprojekt. Sie haben ein ausgekl\u00fcgeltes Bew\u00e4sserungssystem zur Verf\u00fcgung. Hier pflanzen sie auch in gr\u00f6sserem Stil Oca an (Knolliger Sauerklee mit mehr N\u00e4hrstoffen als die Kartoffeln \u2013 aber nur eine Ernte pro Jahr. Inhaltsstoffe pro 100 Gramm: 84 g Wasser, 13 g Kohlenhydrate, 1 g Proteine,<p><a href=\"https:\/\/paralosindigenas.org\/dev\/biolandbau-und-kleintierhaltung-in-andahualo-paccha\/\" class=\"more-link\">weiterlesen<span class=\"screen-reader-text\">Biolandbau und Kleintierhaltung in Andahualo Paccha<\/span><\/a><\/p><\/div><\/li>\n<\/ul>","protected":false},"excerpt":{"rendered":"","protected":false},"author":1,"featured_media":0,"parent":0,"menu_order":0,"comment_status":"closed","ping_status":"closed","template":"page-templates\/frontpage.php","meta":{"footnotes":""},"class_list":["post-103","page","type-page","status-publish","hentry"],"_links":{"self":[{"href":"https:\/\/paralosindigenas.org\/dev\/wp-json\/wp\/v2\/pages\/103","targetHints":{"allow":["GET"]}}],"collection":[{"href":"https:\/\/paralosindigenas.org\/dev\/wp-json\/wp\/v2\/pages"}],"about":[{"href":"https:\/\/paralosindigenas.org\/dev\/wp-json\/wp\/v2\/types\/page"}],"author":[{"embeddable":true,"href":"https:\/\/paralosindigenas.org\/dev\/wp-json\/wp\/v2\/users\/1"}],"replies":[{"embeddable":true,"href":"https:\/\/paralosindigenas.org\/dev\/wp-json\/wp\/v2\/comments?post=103"}],"version-history":[{"count":2,"href":"https:\/\/paralosindigenas.org\/dev\/wp-json\/wp\/v2\/pages\/103\/revisions"}],"predecessor-version":[{"id":150,"href":"https:\/\/paralosindigenas.org\/dev\/wp-json\/wp\/v2\/pages\/103\/revisions\/150"}],"wp:attachment":[{"href":"https:\/\/paralosindigenas.org\/dev\/wp-json\/wp\/v2\/media?parent=103"}],"curies":[{"name":"wp","href":"https:\/\/api.w.org\/{rel}","templated":true}]}}